{"id":11,"date":"2015-09-27T22:34:55","date_gmt":"2015-09-27T21:34:55","guid":{"rendered":"http:\/\/ecolendstomer.fr\/wp\/?page_id=11"},"modified":"2022-11-01T23:07:55","modified_gmt":"2022-11-01T22:07:55","slug":"nous-contacter","status":"publish","type":"page","link":"http:\/\/ecolendstomer.fr\/wp\/nous-contacter\/","title":{"rendered":"Nous contacter"},"content":{"rendered":"<p class=\"main\"><strong>Ecole Notre-Dame Maternelle et Primaire<\/strong><\/p>\n<p class=\"main\">15 rue d&rsquo;Arras<\/p>\n<p class=\"main\">(Entr\u00e9e : 8 rue du Griffon)<\/p>\n<p class=\"main\">62500 Saint-Omer<\/p>\n<p class=\"main\">Mail : ecole-notre-dame.st-omer<img loading=\"lazy\" decoding=\"async\" src=\"http:\/\/www.ecolendstomer.fr\/images\/stories\/arobase.jpg\" alt=\"\" width=\"24\" height=\"24\" border=\"0\" \/>@wanadoo.fr<\/p>\n<p>En cas d&rsquo;absence de votre enfant vous pouvez nous contacter par t\u00e9l\u00e9phone ou par mail : end.st-omer@orange.fr<\/p>\n<p class=\"main\">T\u00e9l : 03 21 38 21 86<\/p>\n<p class=\"main\">\n","protected":false},"excerpt":{"rendered":"<p>Ecole Notre-Dame Maternelle et Primaire 15 rue d&rsquo;Arras (Entr\u00e9e : 8 rue du Griffon) 62500 Saint-Omer Mail : ecole-notre-dame.st-omer@wanadoo.fr En cas d&rsquo;absence de votre enfant vous pouvez nous contacter par t\u00e9l\u00e9phone ou par mail : end.st-omer@orange.fr T\u00e9l : 03 21 &hellip; <\/p>\n","protected":false},"author":1,"featured_media":0,"parent":0,"menu_order":0,"comment_status":"closed","ping_status":"closed","template":"","meta":{"footnotes":""},"_links":{"self":[{"href":"http:\/\/ecolendstomer.fr\/wp\/wp-json\/wp\/v2\/pages\/11"}],"collection":[{"href":"http:\/\/ecolendstomer.fr\/wp\/wp-json\/wp\/v2\/pages"}],"about":[{"href":"http:\/\/ecolendstomer.fr\/wp\/wp-json\/wp\/v2\/types\/page"}],"author":[{"embeddable":true,"href":"http:\/\/ecolendstomer.fr\/wp\/wp-json\/wp\/v2\/users\/1"}],"replies":[{"embeddable":true,"href":"http:\/\/ecolendstomer.fr\/wp\/wp-json\/wp\/v2\/comments?post=11"}],"version-history":[{"count":7,"href":"http:\/\/ecolendstomer.fr\/wp\/wp-json\/wp\/v2\/pages\/11\/revisions"}],"predecessor-version":[{"id":2883,"href":"http:\/\/ecolendstomer.fr\/wp\/wp-json\/wp\/v2\/pages\/11\/revisions\/2883"}],"wp:attachment":[{"href":"http:\/\/ecolendstomer.fr\/wp\/wp-json\/wp\/v2\/media?parent=11"}],"curies":[{"name":"wp","href":"https:\/\/api.w.org\/{rel}","templated":true}]}}